{"id":25544,"date":"2021-08-19T03:25:59","date_gmt":"2021-08-19T03:25:59","guid":{"rendered":"https:\/\/learndash-raa.local\/?page_id=25544"},"modified":"2021-09-02T13:11:47","modified_gmt":"2021-09-02T13:11:47","slug":"faq","status":"publish","type":"page","link":"https:\/\/www.elearning.raa.ro\/ro\/faq\/","title":{"rendered":"FAQ"},"content":{"rendered":"\n\n\t\t<h1>\n\t\t\tAi nevoie de ajutor?\n\t\t<\/h1>\n\t\t\t<p>\u00cen aceast\u0103 sec\u021biune pute\u021bi g\u0103si r\u0103spunsuri pentru \u00eentreb\u0103ri privind utilizarea platformei de e-learning, \u00eenregistrare, parcurgerea cursurilor, utilizarea resurselor disponibile \u0219i multe alte subiecte de interes. \u00cen cazul \u00een care informa\u021biile prezente \u00een aceast\u0103 sec\u021biune nu acoper\u0103 toate \u00eentreb\u0103rile pe care le ave\u021bi, v\u0103 rug\u0103m s\u0103 ne contacta\u021bi pentru a v\u0103 putea r\u0103spunde.<\/p>\t\t\n<h1>\n\t\tLista intrebarilor frecvente\n\t<\/h1>\n\t\t\t\t\t\t<h3 tabindex=\"0\">Cine este furnizorul cursurilor?<\/h3>\n\t\t\t<p>Serviciile de formare din actuala platforma sunt oferite de catre Fundatia Romanian Appeal (www.raa.ro).\u00a0<\/p>\n<p>Cursurile listate sunt rezultatul proiectelor derulate de catre furnizor impreuna cu partenerii sai.<\/p>\n<p>Pentru informatii despre fiecare proiect in parte, vedeti sectiunea proiecte.<\/p>\n\t\t\t\t\t\t<h3 tabindex=\"0\">Inscrierea este gratuita?<\/h3>\n\t\t\t<p>Crearea unui cont pe platforma este absolut gratuita. Pentru a folosi insa platforma, va trebui sa va dati acordul pentru a folosi datele dumneavoastra in scopurile specifice ale proiectelor in cadrul carora au fost dezvoltate cursurile pe care le veti accesa.<\/p>\n<p>Trebuie retinut ca aveti nevoie de o adresa de email valida pe care va trebui sa o confirmati pentru a finaliza procesul de inrolare.<\/p>\n\t\t\t\t\t\t<h3 tabindex=\"0\">Cursurile sunt acreditate?<\/h3>\n\t\t\t<p>Majoritatea cursurilor noastre sunt dezvoltate impreuna cu profesionisti recunoscuti la nivel international. Specialisti din domenii diferite care au contribuit pentru a oferi o experienta deosebita de instruire.<\/p>\n<p>Cu toate acestea, o certificare academica nu este oferita pentru majoritatea cursurilor noastre.<\/p>\n<p>Va recomandam sa cititi detaliile fiecarui proiect pentru a afla daca o acreditare academica este sau nu oferita. In cazul in care nu este precizat expres, va rugam sa considerati ca nu exista.<\/p>\n<h2>\n\t\tContacteaza-ne\n\t<\/h2>\n                <form method='post' enctype='multipart\/form-data' target='gform_ajax_frame_3' id='gform_3'  action='\/ro\/?page_id=25544&#038;fl_builder#gf_3' novalidate>\n                        <fieldset id=\"field_3_1\"><legend class='gfield_label gfield_label_before_complex'>Numele Complet<\/legend>\n                                                    <input type='text' name='input_1.3' id='input_3_1_3' value='' aria-label='First name' tabindex='101'  aria-required='false'   placeholder='First name'  \/>\n                                                    <label for='input_3_1_3' class='hidden_sub_label screen-reader-text'>First<\/label>\n                                                    <input type='text' name='input_1.6' id='input_3_1_6' value='' aria-label='Last name' tabindex='103'  aria-required='false'   placeholder='Last name'  \/>\n                                                    <label for='input_3_1_6' class='hidden_sub_label screen-reader-text'>Last<\/label>\n                        <\/fieldset><label class='gfield_label' for='input_3_2'>Email*<\/label>\n                            <input name='input_2' id='input_3_2' type='email' value='' class='large' tabindex='105'   aria-required=\"true\" aria-invalid=\"false\"  \/>\n                        <label class='gfield_label' for='input_3_3'>Departament*<\/label><select name='input_3' id='input_3_3' class='large gfield_select' tabindex='106'   aria-required=\"true\" aria-invalid=\"false\"><option value='' selected='selected'>&#8211; Select &#8211;<\/option><option value='Technic'>Technic<\/option><option value='Authors'>Authors<\/option><option value='Collaboration'>Collaboration<\/option><option value='Courses'>Courses<\/option><option value='Other'>Other<\/option><\/select><label class='gfield_label' for='input_3_4'>Subiect*<\/label><input name='input_4' id='input_3_4' type='text' value='' class='large'   tabindex='107'  aria-required=\"true\" aria-invalid=\"false\"   \/> <label class='gfield_label' for='input_3_5'>Mesaj*<\/label><textarea name='input_5' id='input_3_5' class='textarea large' tabindex='108'    aria-required=\"true\" aria-invalid=\"false\"   rows='10' cols='50'><\/textarea><label class='gfield_label' for='input_3_6'>Name<\/label><input name='input_6' id='input_3_6' type='text' value='' autocomplete='new-password'\/>This field is for validation purposes and should be left unchanged.\n         <input type='submit' id='gform_submit_button_3' class='gform_button button' value='Trimite Mesaj' tabindex='109' onclick='if(window[\"gf_submitting_3\"]){return false;}  if( !jQuery(\"#gform_3\")[0].checkValidity || jQuery(\"#gform_3\")[0].checkValidity()){window[\"gf_submitting_3\"]=true;}  ' onkeypress='if( event.keyCode == 13 ){ if(window[\"gf_submitting_3\"]){return false;} if( !jQuery(\"#gform_3\")[0].checkValidity || jQuery(\"#gform_3\")[0].checkValidity()){window[\"gf_submitting_3\"]=true;}  jQuery(\"#gform_3\").trigger(\"submit\",[true]); }' \/> <input type='hidden' name='gform_ajax' value='form_id=3&amp;title=&amp;description=&amp;tabindex=100' \/>\n            <input type='hidden' class='gform_hidden' name='is_submit_3' value='1' \/>\n            <input type='hidden' class='gform_hidden' name='gform_submit' value='3' \/>\n            <input type='hidden' class='gform_hidden' name='gform_unique_id' value='' \/>\n            <input type='hidden' class='gform_hidden' name='state_3' value='WyJbXSIsIjE2OWY1Y2FmM2NjMjIzMDhlMzJiMWRiNjA2MGM0NDVmIl0=' \/>\n            <input type='hidden' class='gform_hidden' name='gform_target_page_number_3' id='gform_target_page_number_3' value='0' \/>\n            <input type='hidden' class='gform_hidden' name='gform_source_page_number_3' id='gform_source_page_number_3' value='1' \/>\n            <input type='hidden' name='gform_field_values' value='' \/>\n                        <\/form>\n                <iframe style='display:none;width:0px;height:0px;' src='about:blank' name='gform_ajax_frame_3' id='gform_ajax_frame_3' title='This iframe contains the logic required to handle Ajax powered Gravity Forms.'><\/iframe>\n<h3>\n\t\tParteneri\n\t<\/h3>\n\t<div class=\"partners-wrap\">\n                <div class=\"slider-partners owl-carousel\"><div class=\"partners-item\"><a href=\"https:\/\/www.istt.ro\" target=\"_blank\"><img src=\"https:\/\/www.elearning.raa.ro\/wp-content\/uploads\/2025\/11\/1-istt.png\" alt=\"\" \/><\/a><\/div><div class=\"partners-item\"><a href=\"https:\/\/www.raa.ro\" target=\"_blank\"><img src=\"https:\/\/www.elearning.raa.ro\/wp-content\/uploads\/2021\/08\/Untitled-design-44.png\" alt=\"\" \/><\/a><\/div><div class=\"partners-item\"><a href=\"https:\/\/www.unicef.org\/romania\/ro\" target=\"_blank\"><img src=\"https:\/\/www.elearning.raa.ro\/wp-content\/uploads\/2025\/11\/2-unicef.png\" alt=\"\" \/><\/a><\/div><div class=\"partners-item\"><a href=\"https:\/\/asptmr.ro\/\" target=\"_blank\"><img src=\"https:\/\/www.elearning.raa.ro\/wp-content\/uploads\/2023\/08\/logo-asptmr.png\" alt=\"\" \/><\/a><\/div><div class=\"partners-item\"><img src=\"https:\/\/www.elearning.raa.ro\/wp-content\/uploads\/2023\/04\/MK-partner.png\" alt=\"\" \/><\/div><div class=\"partners-item\"><img src=\"https:\/\/www.elearning.raa.ro\/wp-content\/uploads\/2023\/04\/TR-partner.png\" alt=\"\" \/><\/div><div class=\"partners-item\"><a href=\"https:\/\/cseitgjiu.ro\/\" target=\"_blank\"><img src=\"https:\/\/www.elearning.raa.ro\/wp-content\/uploads\/2023\/04\/RO-1-partner.png\" alt=\"\" \/><\/a><\/div><div class=\"partners-item\"><a href=\"https:\/\/www.csei2ploiesti.ro\/\" target=\"_blank\"><img src=\"https:\/\/www.elearning.raa.ro\/wp-content\/uploads\/2023\/02\/Logo-CSEI-2-Ploiesti.png\" alt=\"\" \/><\/a><\/div><div class=\"partners-item\"><a href=\"https:\/\/www.autismfedra.ro\/\" target=\"_blank\"><img src=\"https:\/\/www.elearning.raa.ro\/wp-content\/uploads\/2021\/10\/FEDRA-logo-Hub.png\" alt=\"\" \/><\/a><\/div><div class=\"partners-item\"><a href=\"https:\/\/psihoterapiecbt.ro\/\" target=\"_blank\"><img src=\"https:\/\/www.elearning.raa.ro\/wp-content\/uploads\/2021\/10\/APCCR-logo-hub-1.png\" alt=\"\" \/><\/a><\/div><div class=\"partners-item\"><a href=\"https:\/\/www.facebook.com\/cydassociation\/\" target=\"_blank\"><img src=\"https:\/\/www.elearning.raa.ro\/wp-content\/uploads\/2021\/09\/RO-2-partner.png\" alt=\"\" \/><\/a><\/div><div class=\"partners-item\"><a href=\"https:\/\/wusmed.org\/\" target=\"_blank\"><img src=\"https:\/\/www.elearning.raa.ro\/wp-content\/uploads\/2021\/09\/WUSMED-bun.jpg\" alt=\"\" \/><\/a><\/div><div class=\"partners-item\"><a href=\"https:\/\/www.ips.pt\/ips_si\/web_page.inicial\" target=\"_blank\"><img src=\"https:\/\/www.elearning.raa.ro\/wp-content\/uploads\/2021\/09\/Logo-IPS.jpg\" alt=\"\" \/><\/a><\/div><div class=\"partners-item\"><a href=\"https:\/\/www.ub.ro\/\" target=\"_blank\"><img src=\"https:\/\/www.elearning.raa.ro\/wp-content\/uploads\/2021\/09\/Logo-Univ-Bacau.jpg\" alt=\"\" \/><\/a><\/div><div class=\"partners-item\"><a href=\"http:\/\/producoesfixe.com\/\" target=\"_blank\"><img src=\"https:\/\/www.elearning.raa.ro\/wp-content\/uploads\/2021\/09\/Producoes-Fixe-bun.jpg\" alt=\"\" \/><\/a><\/div><div class=\"partners-item\"><a href=\"https:\/\/www.blueroominnovation.com\/en\/\" target=\"_blank\"><img src=\"https:\/\/www.elearning.raa.ro\/wp-content\/uploads\/2021\/09\/BlueRoom-bun.jpg\" alt=\"\" \/><\/a><\/div><div class=\"partners-item\"><a href=\"https:\/\/newschool.me\/\" target=\"_blank\"><img src=\"https:\/\/www.elearning.raa.ro\/wp-content\/uploads\/2021\/09\/Newschool-Logo.png\" alt=\"\" \/><\/a><\/div><div class=\"partners-item\"><a href=\"https:\/\/edo.uab.cat\/en\/content\/edos-group\" target=\"_blank\"><img src=\"https:\/\/www.elearning.raa.ro\/wp-content\/uploads\/2021\/09\/CRiEDO-Logo.png\" alt=\"\" \/><\/a><\/div><div class=\"partners-item\"><a href=\"https:\/\/www.succubus.fr\/#\/\" target=\"_blank\"><img src=\"https:\/\/www.elearning.raa.ro\/wp-content\/uploads\/2021\/09\/0001.jpg\" alt=\"\" \/><\/a><\/div><div class=\"partners-item\"><a href=\"http:\/\/cngrigorescu.ro\/\" target=\"_blank\"><img src=\"https:\/\/www.elearning.raa.ro\/wp-content\/uploads\/2021\/09\/CNNG-Logo.png\" alt=\"\" \/><\/a><\/div><div class=\"partners-item\"><a href=\"https:\/\/www.greining.is\/is\/tungumal\/english\" target=\"_blank\"><img src=\"https:\/\/www.elearning.raa.ro\/wp-content\/uploads\/2021\/08\/2_RGR-trans.png\" alt=\"\" \/><\/a><\/div><div class=\"partners-item\"><a href=\"https:\/\/www.iasismed.eu\" target=\"_blank\"><img src=\"https:\/\/www.elearning.raa.ro\/wp-content\/uploads\/2021\/08\/3_IASIS-transp.png\" alt=\"\" \/><\/a><\/div><div class=\"partners-item\"><a href=\"https:\/\/www.autismeurope.org\" target=\"_blank\"><img src=\"https:\/\/www.elearning.raa.ro\/wp-content\/uploads\/2021\/08\/4_AE-transp.png\" alt=\"\" \/><\/a><\/div><div class=\"partners-item\"><img src=\"https:\/\/www.elearning.raa.ro\/wp-content\/uploads\/2021\/08\/logo-synapsis-copy.jpg\" alt=\"\" \/><\/div><div class=\"partners-item\"><a href=\"https:\/\/www.cvbf.net\/\" target=\"_blank\"><img src=\"https:\/\/www.elearning.raa.ro\/wp-content\/uploads\/2021\/08\/Page-14.png\" alt=\"\" \/><\/a><\/div><div class=\"partners-item\"><a href=\"http:\/\/www.ubbcluj.ro\/en\/\" target=\"_blank\"><img src=\"https:\/\/www.elearning.raa.ro\/wp-content\/uploads\/2021\/08\/Page-16.png\" alt=\"\" \/><\/a><\/div><div class=\"partners-item\"><a href=\"https:\/\/www.umcg.nl\" target=\"_blank\"><img src=\"https:\/\/www.elearning.raa.ro\/wp-content\/uploads\/2021\/08\/Page-15.png\" alt=\"\" \/><\/a><\/div><div class=\"partners-item\"><a href=\"http:\/\/www.raa.ro\" target=\"_blank\"><img src=\"https:\/\/www.elearning.raa.ro\/wp-content\/uploads\/2021\/08\/Untitled-design-44.png\" alt=\"\" \/><\/a><\/div><\/div><\/div>\n\n","protected":false},"excerpt":{"rendered":"","protected":false},"author":2,"featured_media":0,"parent":0,"menu_order":0,"comment_status":"closed","ping_status":"closed","template":"","meta":{"_seopress_robots_primary_cat":"","inline_featured_image":false,"site-sidebar-layout":"default","site-content-layout":"default","ast-main-header-display":"","ast-hfb-above-header-display":"","ast-hfb-below-header-display":"","ast-hfb-mobile-header-display":"","site-post-title":"disabled","ast-breadcrumbs-content":"","ast-featured-img":"","footer-sml-layout":"","theme-transparent-header-meta":"enabled","adv-header-id-meta":"","stick-header-meta":"","header-above-stick-meta":"","header-main-stick-meta":"","header-below-stick-meta":""},"acf":[],"_links":{"self":[{"href":"https:\/\/www.elearning.raa.ro\/ro\/wp-json\/wp\/v2\/pages\/25544"}],"collection":[{"href":"https:\/\/www.elearning.raa.ro\/ro\/wp-json\/wp\/v2\/pages"}],"about":[{"href":"https:\/\/www.elearning.raa.ro\/ro\/wp-json\/wp\/v2\/types\/page"}],"author":[{"embeddable":true,"href":"https:\/\/www.elearning.raa.ro\/ro\/wp-json\/wp\/v2\/users\/2"}],"replies":[{"embeddable":true,"href":"https:\/\/www.elearning.raa.ro\/ro\/wp-json\/wp\/v2\/comments?post=25544"}],"version-history":[{"count":1,"href":"https:\/\/www.elearning.raa.ro\/ro\/wp-json\/wp\/v2\/pages\/25544\/revisions"}],"predecessor-version":[{"id":25612,"href":"https:\/\/www.elearning.raa.ro\/ro\/wp-json\/wp\/v2\/pages\/25544\/revisions\/25612"}],"wp:attachment":[{"href":"https:\/\/www.elearning.raa.ro\/ro\/wp-json\/wp\/v2\/media?parent=25544"}],"curies":[{"name":"wp","href":"https:\/\/api.w.org\/{rel}","templated":true}]}}