{"id":25547,"date":"2021-08-19T03:27:56","date_gmt":"2021-08-19T03:27:56","guid":{"rendered":"https:\/\/learndash-raa.local\/?page_id=25547"},"modified":"2021-08-31T18:20:34","modified_gmt":"2021-08-31T18:20:34","slug":"contul-meu","status":"publish","type":"page","link":"https:\/\/www.elearning.raa.ro\/ro\/contul-meu\/","title":{"rendered":"Contul meu"},"content":{"rendered":"\n\n\t<h1>\n\t\t\t\tContul meu\n\t\t\t<\/h1>\n\t\t\t<p>\u00cen aceast\u0103 sec\u021biune pute\u021bi vizualiza statusul activit\u0103\u021bii dumneavoastr\u0103 de cursant. Num\u0103rul de cursuri la care v-a\u021bi \u00eenscris, cursurile aflate \u00een derulare \u0219i cele finalizate, diplomele ob\u021binute \u0219i num\u0103rul de puncte acumulate.<\/p>\t\n\t\n\t<div class=\"learndash-wrapper\"><a class=\"ld-login ld-login ld-login-text ld-login-button ld-button\" href=\"#login\"><span class=\"ld-icon ld-icon-login ld-icon-left\"><\/span>Autentificare<\/a><\/div>\n\t<h2>\n\t\t\t\tCele mai populare cursuri\n\t\t\t<\/h2>\n\t<div id=\"ld-course-list-content-4f70c27bd44b5252f0913fc191fce96b\" class=\"ld-course-list-content\" data-shortcode-atts=\"{&quot;categoryselector&quot;:&quot;true&quot;,&quot;num&quot;:&quot;3&quot;,&quot;order&quot;:&quot;asc&quot;}\">\n\t\t\t<div class=\"ld-course-list-items row\">\n\t<div class=\"ld_course_grid col-sm-8 col-md-4 \">\n\t<article id=\"post-9799\" class=\" learndash-available thumbnail course post-9799 sfwd-courses type-sfwd-courses status-publish has-post-thumbnail hentry projects-intarirea-capacitatii-profesionistilor-care-lucreaza-in-scoli-cu-copii-si-tineri-care-sufera-de-afectiuni-din-spectrul-autismului-2 ld_course_category-autism-ro\">\n\t\t        <!--Ribbon Text -->\n\t\t\t<div class=\"ld_course_grid_price custom\">\n                <b><i>Disponibil in:<\/i><\/b><span style=\"text-transform: uppercase\"> <ul class=\"available-lang-list\"><li >ro<\/li> <\/ul><\/span>\n\t\t\t<\/div>\n        <!--END Ribbon Text -->\n\t\t\n\t\t\t<div class=\"ld_course_grid_price open-course\">\n\t\t\t\t\t\t\t   <span style=\"text-transform: uppercase\">Accesibil f\u0103r\u0103 \u00eenregistrare<\/span>\n\t\t\t\t\t\t\t<\/div>\t\t\n\t\t\t\t\t\t<a href=\"https:\/\/www.elearning.raa.ro\/ro\/courses\/modul-4-tranzitia-elevilor-diagnosticati-cu-tulburarea-din-spectru-autist-tsa\/\" rel=\"bookmark\">\n\t\t\t\t<img width=\"400\" height=\"290\" src=\"https:\/\/www.elearning.raa.ro\/wp-content\/uploads\/2019\/01\/Screenshot-2019-01-22-at-00.42.23-400x290.png\" class=\"attachment-course-thumb size-course-thumb wp-post-image\" alt=\"\" loading=\"lazy\" srcset=\"https:\/\/www.elearning.raa.ro\/wp-content\/uploads\/2019\/01\/Screenshot-2019-01-22-at-00.42.23-400x290.png 400w, https:\/\/www.elearning.raa.ro\/wp-content\/uploads\/2019\/01\/Screenshot-2019-01-22-at-00.42.23-300x218.png 300w, https:\/\/www.elearning.raa.ro\/wp-content\/uploads\/2019\/01\/Screenshot-2019-01-22-at-00.42.23-1024x743.png 1024w, https:\/\/www.elearning.raa.ro\/wp-content\/uploads\/2019\/01\/Screenshot-2019-01-22-at-00.42.23-768x558.png 768w, https:\/\/www.elearning.raa.ro\/wp-content\/uploads\/2019\/01\/Screenshot-2019-01-22-at-00.42.23.png 1157w\" sizes=\"(max-width: 400px) 100vw, 400px\" \/>\t\t\t<\/a>\n\t\t\t\t\t\n\t\t\t\t\t<div class=\"caption\">\n\t\t\t\t<h3 class=\"entry-title\">Tranzitia elevilor diagnosticati cu Tulburarea din Spectru Autist (TSA)<\/h3>\n\t\t\t\t\t\t\t\t<p class=\"ld_course_grid_button\"><a class=\"btn btn-primary\" role=\"button\" href=\"https:\/\/www.elearning.raa.ro\/ro\/courses\/modul-4-tranzitia-elevilor-diagnosticati-cu-tulburarea-din-spectru-autist-tsa\/\" rel=\"bookmark\">Start<\/a><\/p>\n                <div class=\"course-info\">\n                    <ul>\n                        <li><b><i>Tematica:<\/i><\/b> <\/li>\n                        <li><b><i>Durata:<\/i><\/b> 3h<\/li>\n                    <\/ul>\n                <\/div>\n\t\t\t\t\t\t\t<\/div><!-- .entry-header -->\n\t\t\t<\/article><!-- #post-## -->\n<\/div><!-- .ld_course_grid -->\n\n<div class=\"ld_course_grid col-sm-8 col-md-4 \">\n\t<article id=\"post-10137\" class=\" learndash-available thumbnail course post-10137 sfwd-courses type-sfwd-courses status-publish has-post-thumbnail hentry projects-intarirea-capacitatii-profesionistilor-care-lucreaza-in-scoli-cu-copii-si-tineri-care-sufera-de-afectiuni-din-spectrul-autismului-2\">\n\t\t        <!--Ribbon Text -->\n\t\t\t<div class=\"ld_course_grid_price custom\">\n                <b><i>Disponibil in:<\/i><\/b><span style=\"text-transform: uppercase\"> <ul class=\"available-lang-list\"><li >ro<\/li> <li >en<\/li> <\/ul><\/span>\n\t\t\t<\/div>\n        <!--END Ribbon Text -->\n\t\t\n\t\t\t<div class=\"ld_course_grid_price open-course\">\n\t\t\t\t\t\t\t   <span style=\"text-transform: uppercase\">Accesibil f\u0103r\u0103 \u00eenregistrare<\/span>\n\t\t\t\t\t\t\t<\/div>\t\t\n\t\t\t\t\t\t<a href=\"https:\/\/www.elearning.raa.ro\/ro\/courses\/modul-2-adaptarea-curriculei\/\" rel=\"bookmark\">\n\t\t\t\t<img width=\"400\" height=\"230\" src=\"https:\/\/www.elearning.raa.ro\/wp-content\/uploads\/2019\/01\/Screenshot-2019-01-25-at-18.02.44-400x230.png\" class=\"attachment-course-thumb size-course-thumb wp-post-image\" alt=\"\" loading=\"lazy\" srcset=\"https:\/\/www.elearning.raa.ro\/wp-content\/uploads\/2019\/01\/Screenshot-2019-01-25-at-18.02.44-400x230.png 400w, https:\/\/www.elearning.raa.ro\/wp-content\/uploads\/2019\/01\/Screenshot-2019-01-25-at-18.02.44-300x173.png 300w, https:\/\/www.elearning.raa.ro\/wp-content\/uploads\/2019\/01\/Screenshot-2019-01-25-at-18.02.44-768x442.png 768w, https:\/\/www.elearning.raa.ro\/wp-content\/uploads\/2019\/01\/Screenshot-2019-01-25-at-18.02.44.png 793w\" sizes=\"(max-width: 400px) 100vw, 400px\" \/>\t\t\t<\/a>\n\t\t\t\t\t\n\t\t\t\t\t<div class=\"caption\">\n\t\t\t\t<h3 class=\"entry-title\">Adaptare curriculara<\/h3>\n\t\t\t\t\t\t\t\t<p class=\"ld_course_grid_button\"><a class=\"btn btn-primary\" role=\"button\" href=\"https:\/\/www.elearning.raa.ro\/ro\/courses\/modul-2-adaptarea-curriculei\/\" rel=\"bookmark\">Start<\/a><\/p>\n                <div class=\"course-info\">\n                    <ul>\n                        <li><b><i>Tematica:<\/i><\/b> <\/li>\n                        <li><b><i>Durata:<\/i><\/b> 2h<\/li>\n                    <\/ul>\n                <\/div>\n\t\t\t\t\t\t\t<\/div><!-- .entry-header -->\n\t\t\t<\/article><!-- #post-## -->\n<\/div><!-- .ld_course_grid -->\n\n<div class=\"ld_course_grid col-sm-8 col-md-4 \">\n\t<article id=\"post-10418\" class=\" learndash-available thumbnail course post-10418 sfwd-courses type-sfwd-courses status-publish has-post-thumbnail hentry\">\n\t\t        <!--Ribbon Text -->\n\t\t\t<div class=\"ld_course_grid_price custom\">\n                <b><i>Disponibil in:<\/i><\/b><span style=\"text-transform: uppercase\"> <ul class=\"available-lang-list\"><li >ro<\/li> <\/ul><\/span>\n\t\t\t<\/div>\n        <!--END Ribbon Text -->\n\t\t\n\t\t\t<div class=\"ld_course_grid_price open-course\">\n\t\t\t\t\t\t\t   <span style=\"text-transform: uppercase\">Accesibil f\u0103r\u0103 \u00eenregistrare<\/span>\n\t\t\t\t\t\t\t<\/div>\t\t\n\t\t\t\t\t\t<a href=\"https:\/\/www.elearning.raa.ro\/ro\/courses\/tehnologii-informationale-si-comunicationale-tic-si-tulburarile-din-spectrul-autist-asd\/\" rel=\"bookmark\">\n\t\t\t\t<img width=\"364\" height=\"300\" src=\"https:\/\/www.elearning.raa.ro\/wp-content\/uploads\/2019\/01\/Screenshot-2019-01-26-at-10.48.09-364x300.png\" class=\"attachment-course-thumb size-course-thumb wp-post-image\" alt=\"\" loading=\"lazy\" srcset=\"https:\/\/www.elearning.raa.ro\/wp-content\/uploads\/2019\/01\/Screenshot-2019-01-26-at-10.48.09-364x300.png 364w, https:\/\/www.elearning.raa.ro\/wp-content\/uploads\/2019\/01\/Screenshot-2019-01-26-at-10.48.09-300x248.png 300w, https:\/\/www.elearning.raa.ro\/wp-content\/uploads\/2019\/01\/Screenshot-2019-01-26-at-10.48.09.png 429w\" sizes=\"(max-width: 364px) 100vw, 364px\" \/>\t\t\t<\/a>\n\t\t\t\t\t\n\t\t\t\t\t<div class=\"caption\">\n\t\t\t\t<h3 class=\"entry-title\">Tehnologii informationale si Comunicationale (TIC) si Tulburarile din  Spectrul Autist  (ASD)<\/h3>\n\t\t\t\t\t\t\t\t<p class=\"ld_course_grid_button\"><a class=\"btn btn-primary\" role=\"button\" href=\"https:\/\/www.elearning.raa.ro\/ro\/courses\/tehnologii-informationale-si-comunicationale-tic-si-tulburarile-din-spectrul-autist-asd\/\" rel=\"bookmark\">Start<\/a><\/p>\n                <div class=\"course-info\">\n                    <ul>\n                        <li><b><i>Tematica:<\/i><\/b> <\/li>\n                        <li><b><i>Durata:<\/i><\/b> 2h<\/li>\n                    <\/ul>\n                <\/div>\n\t\t\t\t\t\t\t<\/div><!-- .entry-header -->\n\t\t\t<\/article><!-- #post-## -->\n<\/div><!-- .ld_course_grid -->\n\n\t<\/div>\n\t<div class=\"learndash-pager learndash-pager-course_list\" data-nonce=\"4b06fecb45\" >\t\t<span class=\"pager-left\">\n\t\t\t<a\n\t\t\t\t\t\tdata-paged=\"1\" class=\"disabled\"  disabled=\"disabled\"  title=\"First Page\">&laquo;<\/a>\n\t\t\t<a  data-paged=\"1\" class=\"disabled\"  disabled=\"disabled\"  title=\"Pagina anterioar\u0103\">&lsaquo;<\/a>\n\t\t<\/span>\n\t\t<span class=\"pager-right\">\n\t\t\t<a \tdata-paged=\"2\" class=\"\"  title=\"Pagina urm\u0103toare\">&rsaquo;<\/a>\n\n\t\t\t<a  data-paged=\"7\" class=\"\"  title=\"Last Page\">&raquo;<\/a>\n\t\t<\/span>\n\t\t<span class=\"pager-legend\">\n\t\t\t<span class=\"pagedisplay\">page <span class=\"current_page\">1<\/span> \/ <span class=\"total_pages\">7<\/span><\/span>\n\t\t<\/span>\n\t\t<\/div>\t\t<\/div>\n\t\t\n\t\t\t<a href=\"https:\/\/www.elearning.raa.ro\/ro\/cursuri\/\" target=\"_self\" role=\"button\" aria-label=\"TOATE CURSURILE\" rel=\"noopener\">\n\t\t\t\t\t\t\tTOATE CURSURILE\n\t\t<\/a>\n<h3>\n\t\tParteneri\n\t<\/h3>\n\t<div class=\"partners-wrap\">\n                <div class=\"slider-partners owl-carousel\"><div class=\"partners-item\"><a href=\"https:\/\/www.istt.ro\" target=\"_blank\"><img src=\"https:\/\/www.elearning.raa.ro\/wp-content\/uploads\/2025\/11\/1-istt.png\" alt=\"\" \/><\/a><\/div><div class=\"partners-item\"><a href=\"https:\/\/www.raa.ro\" target=\"_blank\"><img src=\"https:\/\/www.elearning.raa.ro\/wp-content\/uploads\/2021\/08\/Untitled-design-44.png\" alt=\"\" \/><\/a><\/div><div class=\"partners-item\"><a href=\"https:\/\/www.unicef.org\/romania\/ro\" target=\"_blank\"><img src=\"https:\/\/www.elearning.raa.ro\/wp-content\/uploads\/2025\/11\/2-unicef.png\" alt=\"\" \/><\/a><\/div><div class=\"partners-item\"><a href=\"https:\/\/asptmr.ro\/\" target=\"_blank\"><img src=\"https:\/\/www.elearning.raa.ro\/wp-content\/uploads\/2023\/08\/logo-asptmr.png\" alt=\"\" \/><\/a><\/div><div class=\"partners-item\"><img src=\"https:\/\/www.elearning.raa.ro\/wp-content\/uploads\/2023\/04\/MK-partner.png\" alt=\"\" \/><\/div><div class=\"partners-item\"><img src=\"https:\/\/www.elearning.raa.ro\/wp-content\/uploads\/2023\/04\/TR-partner.png\" alt=\"\" \/><\/div><div class=\"partners-item\"><a href=\"https:\/\/cseitgjiu.ro\/\" target=\"_blank\"><img src=\"https:\/\/www.elearning.raa.ro\/wp-content\/uploads\/2023\/04\/RO-1-partner.png\" alt=\"\" \/><\/a><\/div><div class=\"partners-item\"><a href=\"https:\/\/www.csei2ploiesti.ro\/\" target=\"_blank\"><img src=\"https:\/\/www.elearning.raa.ro\/wp-content\/uploads\/2023\/02\/Logo-CSEI-2-Ploiesti.png\" alt=\"\" \/><\/a><\/div><div class=\"partners-item\"><a href=\"https:\/\/www.autismfedra.ro\/\" target=\"_blank\"><img src=\"https:\/\/www.elearning.raa.ro\/wp-content\/uploads\/2021\/10\/FEDRA-logo-Hub.png\" alt=\"\" \/><\/a><\/div><div class=\"partners-item\"><a href=\"https:\/\/psihoterapiecbt.ro\/\" target=\"_blank\"><img src=\"https:\/\/www.elearning.raa.ro\/wp-content\/uploads\/2021\/10\/APCCR-logo-hub-1.png\" alt=\"\" \/><\/a><\/div><div class=\"partners-item\"><a href=\"https:\/\/www.facebook.com\/cydassociation\/\" target=\"_blank\"><img src=\"https:\/\/www.elearning.raa.ro\/wp-content\/uploads\/2021\/09\/RO-2-partner.png\" alt=\"\" \/><\/a><\/div><div class=\"partners-item\"><a href=\"https:\/\/wusmed.org\/\" target=\"_blank\"><img src=\"https:\/\/www.elearning.raa.ro\/wp-content\/uploads\/2021\/09\/WUSMED-bun.jpg\" alt=\"\" \/><\/a><\/div><div class=\"partners-item\"><a href=\"https:\/\/www.ips.pt\/ips_si\/web_page.inicial\" target=\"_blank\"><img src=\"https:\/\/www.elearning.raa.ro\/wp-content\/uploads\/2021\/09\/Logo-IPS.jpg\" alt=\"\" \/><\/a><\/div><div class=\"partners-item\"><a href=\"https:\/\/www.ub.ro\/\" target=\"_blank\"><img src=\"https:\/\/www.elearning.raa.ro\/wp-content\/uploads\/2021\/09\/Logo-Univ-Bacau.jpg\" alt=\"\" \/><\/a><\/div><div class=\"partners-item\"><a href=\"http:\/\/producoesfixe.com\/\" target=\"_blank\"><img src=\"https:\/\/www.elearning.raa.ro\/wp-content\/uploads\/2021\/09\/Producoes-Fixe-bun.jpg\" alt=\"\" \/><\/a><\/div><div class=\"partners-item\"><a href=\"https:\/\/www.blueroominnovation.com\/en\/\" target=\"_blank\"><img src=\"https:\/\/www.elearning.raa.ro\/wp-content\/uploads\/2021\/09\/BlueRoom-bun.jpg\" alt=\"\" \/><\/a><\/div><div class=\"partners-item\"><a href=\"https:\/\/newschool.me\/\" target=\"_blank\"><img src=\"https:\/\/www.elearning.raa.ro\/wp-content\/uploads\/2021\/09\/Newschool-Logo.png\" alt=\"\" \/><\/a><\/div><div class=\"partners-item\"><a href=\"https:\/\/edo.uab.cat\/en\/content\/edos-group\" target=\"_blank\"><img src=\"https:\/\/www.elearning.raa.ro\/wp-content\/uploads\/2021\/09\/CRiEDO-Logo.png\" alt=\"\" \/><\/a><\/div><div class=\"partners-item\"><a href=\"https:\/\/www.succubus.fr\/#\/\" target=\"_blank\"><img src=\"https:\/\/www.elearning.raa.ro\/wp-content\/uploads\/2021\/09\/0001.jpg\" alt=\"\" \/><\/a><\/div><div class=\"partners-item\"><a href=\"http:\/\/cngrigorescu.ro\/\" target=\"_blank\"><img src=\"https:\/\/www.elearning.raa.ro\/wp-content\/uploads\/2021\/09\/CNNG-Logo.png\" alt=\"\" \/><\/a><\/div><div class=\"partners-item\"><a href=\"https:\/\/www.greining.is\/is\/tungumal\/english\" target=\"_blank\"><img src=\"https:\/\/www.elearning.raa.ro\/wp-content\/uploads\/2021\/08\/2_RGR-trans.png\" alt=\"\" \/><\/a><\/div><div class=\"partners-item\"><a href=\"https:\/\/www.iasismed.eu\" target=\"_blank\"><img src=\"https:\/\/www.elearning.raa.ro\/wp-content\/uploads\/2021\/08\/3_IASIS-transp.png\" alt=\"\" \/><\/a><\/div><div class=\"partners-item\"><a href=\"https:\/\/www.autismeurope.org\" target=\"_blank\"><img src=\"https:\/\/www.elearning.raa.ro\/wp-content\/uploads\/2021\/08\/4_AE-transp.png\" alt=\"\" \/><\/a><\/div><div class=\"partners-item\"><img src=\"https:\/\/www.elearning.raa.ro\/wp-content\/uploads\/2021\/08\/logo-synapsis-copy.jpg\" alt=\"\" \/><\/div><div class=\"partners-item\"><a href=\"https:\/\/www.cvbf.net\/\" target=\"_blank\"><img src=\"https:\/\/www.elearning.raa.ro\/wp-content\/uploads\/2021\/08\/Page-14.png\" alt=\"\" \/><\/a><\/div><div class=\"partners-item\"><a href=\"http:\/\/www.ubbcluj.ro\/en\/\" target=\"_blank\"><img src=\"https:\/\/www.elearning.raa.ro\/wp-content\/uploads\/2021\/08\/Page-16.png\" alt=\"\" \/><\/a><\/div><div class=\"partners-item\"><a href=\"https:\/\/www.umcg.nl\" target=\"_blank\"><img src=\"https:\/\/www.elearning.raa.ro\/wp-content\/uploads\/2021\/08\/Page-15.png\" alt=\"\" \/><\/a><\/div><div class=\"partners-item\"><a href=\"http:\/\/www.raa.ro\" target=\"_blank\"><img src=\"https:\/\/www.elearning.raa.ro\/wp-content\/uploads\/2021\/08\/Untitled-design-44.png\" alt=\"\" \/><\/a><\/div><\/div><\/div>\n\n","protected":false},"excerpt":{"rendered":"","protected":false},"author":2,"featured_media":0,"parent":0,"menu_order":0,"comment_status":"closed","ping_status":"closed","template":"","meta":{"_seopress_robots_primary_cat":"","inline_featured_image":false,"site-sidebar-layout":"default","site-content-layout":"page-builder","ast-main-header-display":"","ast-hfb-above-header-display":"","ast-hfb-below-header-display":"","ast-hfb-mobile-header-display":"","site-post-title":"disabled","ast-breadcrumbs-content":"","ast-featured-img":"disabled","footer-sml-layout":"","theme-transparent-header-meta":"enabled","adv-header-id-meta":"","stick-header-meta":"","header-above-stick-meta":"","header-main-stick-meta":"","header-below-stick-meta":""},"acf":[],"_links":{"self":[{"href":"https:\/\/www.elearning.raa.ro\/ro\/wp-json\/wp\/v2\/pages\/25547"}],"collection":[{"href":"https:\/\/www.elearning.raa.ro\/ro\/wp-json\/wp\/v2\/pages"}],"about":[{"href":"https:\/\/www.elearning.raa.ro\/ro\/wp-json\/wp\/v2\/types\/page"}],"author":[{"embeddable":true,"href":"https:\/\/www.elearning.raa.ro\/ro\/wp-json\/wp\/v2\/users\/2"}],"replies":[{"embeddable":true,"href":"https:\/\/www.elearning.raa.ro\/ro\/wp-json\/wp\/v2\/comments?post=25547"}],"version-history":[{"count":1,"href":"https:\/\/www.elearning.raa.ro\/ro\/wp-json\/wp\/v2\/pages\/25547\/revisions"}],"predecessor-version":[{"id":25610,"href":"https:\/\/www.elearning.raa.ro\/ro\/wp-json\/wp\/v2\/pages\/25547\/revisions\/25610"}],"wp:attachment":[{"href":"https:\/\/www.elearning.raa.ro\/ro\/wp-json\/wp\/v2\/media?parent=25547"}],"curies":[{"name":"wp","href":"https:\/\/api.w.org\/{rel}","templated":true}]}}